{"id":9,"date":"2018-01-30T17:59:14","date_gmt":"2018-01-30T17:59:14","guid":{"rendered":"http:\/\/big-saloons-on-tour.de\/?page_id=9"},"modified":"2019-07-07T19:09:09","modified_gmt":"2019-07-07T19:09:09","slug":"home","status":"publish","type":"page","link":"https:\/\/big-saloons-on-tour.de\/","title":{"rendered":"Home"},"content":{"rendered":"<p><img decoding=\"async\" loading=\"lazy\" class=\"aligncenter size-large wp-image-49\" src=\"http:\/\/big-saloons-on-tour.de\/wp-content\/uploads\/2019\/07\/hp-bsot-1024x672.jpg\" alt=\"\" width=\"1024\" height=\"672\" srcset=\"https:\/\/big-saloons-on-tour.de\/wp-content\/uploads\/2019\/07\/hp-bsot-1024x672.jpg 1024w, https:\/\/big-saloons-on-tour.de\/wp-content\/uploads\/2019\/07\/hp-bsot-300x197.jpg 300w, https:\/\/big-saloons-on-tour.de\/wp-content\/uploads\/2019\/07\/hp-bsot-768x504.jpg 768w, https:\/\/big-saloons-on-tour.de\/wp-content\/uploads\/2019\/07\/hp-bsot-425x279.jpg 425w\" sizes=\"(max-width: 1024px) 100vw, 1024px\" \/><\/p>\n<p>Im Kreise der Jaguar Enthusiasten geh\u00f6ren die\u00a0Liebhaber der Big Saloons ja eher zu den Exoten,\u00a0obwohl man das angesichts dieser wundersch\u00f6nen Limousinen kaum verstehen kann.<\/p>\n<p>Da in Deutschland \u00e4u\u00dferst selten anzutreffen,\u00a0haben wir uns frei nach Albert Schweitzer \u201eBegeisterung ist ein guter Treibstoff\u201c, auf die\u00a0Suche nach den Jaguar\u00a0 Big Saloons der Baureihen\u00a0MK 7, 8 und 9 gemacht. Mit der Recherche kam die Idee, ein exklusives Treffen zu organisieren,\u00a0an dem sich alle Big-Saloon-Eigner kennenlernen k\u00f6nnen. Eine Idee, die mit vollem Erfolg startete.<\/p>\n<p>Es ist ungeheuer aufw\u00e4ndig, ein solches Treffen in dieser Art zu organisieren. Dennoch versuchen wir, es genau so authentisch weiterzuf\u00fchren.<\/p>\n<p>Ins Leben gerufen wurde Big Saloons on Tour 2010 von 2 Big-Saloon-verr\u00fcckten: Ralf Hunke und Peter Schuster.<br \/>\n2017 musste Ralf Hunke aus der Planung aussteigen, seitdem hat Peter Schuster die Schirmherrschaft f\u00fcr Big Saloons on Tour \u00fcbernommen.<\/p>\n<p>Die Treffen werden jedes Jahr von einem anderen Jaguar-Begeisterten organisiert. So bekommt BSoT immer ein anderes Gesicht.<br \/>\nEinige grundlegende Dinge m\u00fcssen nat\u00fcrlich auch im Sinne der Teilnehmer beachtet werden.<\/p>\n<p>Du f\u00e4hrst einen Jaguar MK VII, MK VII M, MK VIII oder MK IX?<br \/>\nDann kannst du an Big Saloons on Tour teilnehmen. Melde dich doch \u00fcber das Kontaktformular oder die Adresse im Impressum.<\/p>\n","protected":false},"excerpt":{"rendered":"<p>Im Kreise der Jaguar Enthusiasten geh\u00f6ren die\u00a0Liebhaber der Big Saloons ja eher zu den Exoten,\u00a0obwohl man das angesichts dieser wundersch\u00f6nen Limousinen kaum verstehen kann. Da in Deutschland \u00e4u\u00dferst selten anzutreffen,\u00a0haben wir uns frei nach Albert Schweitzer \u201eBegeisterung ist ein guter Treibstoff\u201c, auf die\u00a0Suche nach den Jaguar\u00a0 Big Saloons der Baureihen\u00a0MK 7, 8 und 9 gemacht. [&hellip;]<\/p>\n","protected":false},"author":1,"featured_media":0,"parent":0,"menu_order":0,"comment_status":"closed","ping_status":"closed","template":"","meta":[],"_links":{"self":[{"href":"https:\/\/big-saloons-on-tour.de\/index.php?rest_route=\/wp\/v2\/pages\/9"}],"collection":[{"href":"https:\/\/big-saloons-on-tour.de\/index.php?rest_route=\/wp\/v2\/pages"}],"about":[{"href":"https:\/\/big-saloons-on-tour.de\/index.php?rest_route=\/wp\/v2\/types\/page"}],"author":[{"embeddable":true,"href":"https:\/\/big-saloons-on-tour.de\/index.php?rest_route=\/wp\/v2\/users\/1"}],"replies":[{"embeddable":true,"href":"https:\/\/big-saloons-on-tour.de\/index.php?rest_route=%2Fwp%2Fv2%2Fcomments&post=9"}],"version-history":[{"count":5,"href":"https:\/\/big-saloons-on-tour.de\/index.php?rest_route=\/wp\/v2\/pages\/9\/revisions"}],"predecessor-version":[{"id":51,"href":"https:\/\/big-saloons-on-tour.de\/index.php?rest_route=\/wp\/v2\/pages\/9\/revisions\/51"}],"wp:attachment":[{"href":"https:\/\/big-saloons-on-tour.de\/index.php?rest_route=%2Fwp%2Fv2%2Fmedia&parent=9"}],"curies":[{"name":"wp","href":"https:\/\/api.w.org\/{rel}","templated":true}]}}